{"id":22734,"date":"2021-09-10T17:53:45","date_gmt":"2021-09-10T22:53:45","guid":{"rendered":"https:\/\/gokiebox.pe\/?page_id=22734"},"modified":"2024-07-02T22:33:01","modified_gmt":"2024-07-03T03:33:01","slug":"politicas-de-privacidad","status":"publish","type":"page","link":"https:\/\/gokiebox.com\/pe\/politicas-de-privacidad\/","title":{"rendered":"Politicas de privacidad"},"content":{"rendered":"\t\t<div data-elementor-type=\"wp-page\" data-elementor-id=\"22734\" class=\"elementor elementor-22734\" data-elementor-post-type=\"page\">\n\t\t\t\t<div class=\"elementor-element elementor-element-b271a61 e-flex e-con-boxed e-con e-parent\" data-id=\"b271a61\" data-element_type=\"container\" data-e-type=\"container\">\n\t\t\t\t\t<div class=\"e-con-inner\">\n\t\t<div class=\"elementor-element elementor-element-6645cc9 e-con-full e-flex e-con e-child\" data-id=\"6645cc9\" data-element_type=\"container\" data-e-type=\"container\">\n\t\t\t\t<div class=\"elementor-element elementor-element-c2d2b90 elementor-widget elementor-widget-heading\" data-id=\"c2d2b90\" data-element_type=\"widget\" data-e-type=\"widget\" data-widget_type=\"heading.default\">\n\t\t\t\t<div class=\"elementor-widget-container\">\n\t\t\t\t\t<h2 class=\"elementor-heading-title elementor-size-default\">Pol\u00edticas de privacidad<\/h2>\t\t\t\t<\/div>\n\t\t\t\t<\/div>\n\t\t\t\t<div class=\"elementor-element elementor-element-20a2ba7 elementor-widget elementor-widget-spacer\" data-id=\"20a2ba7\" data-element_type=\"widget\" data-e-type=\"widget\" data-widget_type=\"spacer.default\">\n\t\t\t\t<div class=\"elementor-widget-container\">\n\t\t\t\t\t\t\t<div class=\"elementor-spacer\">\n\t\t\t<div class=\"elementor-spacer-inner\"><\/div>\n\t\t<\/div>\n\t\t\t\t\t\t<\/div>\n\t\t\t\t<\/div>\n\t\t\t\t<div class=\"elementor-element elementor-element-6a3dd91 elementor-widget elementor-widget-text-editor\" data-id=\"6a3dd91\" data-element_type=\"widget\" data-e-type=\"widget\" data-widget_type=\"text-editor.default\">\n\t\t\t\t<div class=\"elementor-widget-container\">\n\t\t\t\t\t\t\t\t\t<p>Esta Pol\u00edtica de privacidad rige la manera en que&nbsp;<strong>Gokiebox<\/strong>&nbsp;recopila, utiliza, mantiene y divulga la informaci\u00f3n recogida de los usuarios (el \u201cUsuario\u201d) del sitio web&nbsp;<strong>https:\/\/www.gokiebox.com\/pe<\/strong>&nbsp;(\u201cel Sitio\u201d). Esta pol\u00edtica de privacidad se aplica al sitio y todos los productos y servicios ofrecidos por&nbsp;<strong>Gokiebox<\/strong>.<\/p>\n<h4>Informaci\u00f3n de identificaci\u00f3n personal<\/h4>\n<p>Podemos recopilar informaci\u00f3n de identificaci\u00f3n personal de los usuarios en una variedad de maneras, incluyendo, pero no limitado a, cuando los usuarios visitan nuestro sitio web, registrarse en el sitio, hacer un pedido, suscr\u00edbase al bolet\u00edn, rellenar un formulario, y en relaci\u00f3n con otras actividades, servicios, funciones o recursos que ponemos a disposici\u00f3n en nuestro sitio web. Se les puede pedir a los usuarios en alg\u00fan caso nombre y direcci\u00f3n de correo electr\u00f3nico. Los usuarios pueden, sin embargo, visitar nuestro sitio de forma an\u00f3nima. Vamos a recoger informaci\u00f3n de identificaci\u00f3n personal de los usuarios s\u00f3lo si voluntariamente presentan esa informaci\u00f3n a nosotros. Los usuarios siempre pueden negarse a suministrar informaci\u00f3n de identificaci\u00f3n personal, excepto evitar la participaci\u00f3n en determinadas actividades relacionadas con el sitio.<\/p>\n<h4>Informaci\u00f3n de identificaci\u00f3n no personal<\/h4>\n<p>Podemos recopilar informaci\u00f3n de identificaci\u00f3n no personal sobre los usuarios cuando interact\u00faan con nuestro sitio. Informaci\u00f3n de identificaci\u00f3n no personal puede incluir el nombre del navegador, el tipo de equipo e informaci\u00f3n t\u00e9cnica sobre los usuarios mediante la conexi\u00f3n a nuestro sitio, tales como el sistema operativo, los proveedores de servicios de Internet utilizados y otra informaci\u00f3n similar.<\/p>\n<h4>Las cookies del navegador Web<\/h4>\n<p>Nuestro sitio puede utilizar&nbsp;<strong>\u201ccookies\u201d<\/strong>&nbsp;para mejorar la experiencia del usuario. El Navegador web del usuario coloca cookies en su dispositivo para prop\u00f3sitos de registro y, a veces para rastrear informaci\u00f3n sobre ellos. El usuario puede optar por configurar su navegador para rechazar las cookies, o para que le avise cuando se env\u00eden cookies. Si lo hacen, tenga en cuenta que algunas partes del sitio pueden no funcionar correctamente.<\/p>\n<h4>C\u00f3mo utilizamos la informaci\u00f3n recopilada<\/h4>\n<p>Gokiebox puede recopilar y utilizar la informaci\u00f3n personal del usuario para los siguientes fines:<\/p>\n<ul>\n<li><strong>Para mejorar el servicio al cliente.-<\/strong>&nbsp;La informaci\u00f3n que usted proporcione nos ayuda a responder a sus solicitudes de servicio al cliente y las necesidades de apoyo de manera m\u00e1s eficiente.<\/li>\n<li><strong>Para personalizar la experiencia del usuario.-<\/strong>&nbsp;Podemos utilizar la informaci\u00f3n en conjunto para comprender c\u00f3mo nuestros usuarios como grupo, utilizan los servicios y recursos ofrecidos en nuestro sitio.<\/li>\n<li><strong>Para mejorar nuestro sitio.-<\/strong>&nbsp;Podemos usar informaci\u00f3n que usted proporciona para mejorar nuestros productos y servicios.<\/li>\n<li><strong>Para procesar los pagos.-<\/strong>&nbsp;Podemos utilizar la informaci\u00f3n que los usuarios proporcionan sobre s\u00ed mismos al hacer un pedido s\u00f3lo para dar servicio a esa compra. Nosotros no compartimos esta informaci\u00f3n con terceros, salvo en la medida necesaria para prestar el servicio.<\/li>\n<li><strong>Para enviar correos electr\u00f3nicos peri\u00f3dicos.-<\/strong>&nbsp;Podemos utilizar la direcci\u00f3n de correo electr\u00f3nico para enviar informaci\u00f3n importante y actualizaciones sobre sus servicios solicitados. Si el usuario decide aceptar estar en nuestra lista de bolet\u00edn informativo, recibir\u00e1n correos electr\u00f3nicos que pueden incluir noticias de la compa\u00f1\u00eda, actualizaciones, informaci\u00f3n sobre productos o servicios relacionados, etc. Si en alg\u00fan momento el usuario desea dejar de recibir futuros correos electr\u00f3nicos, incluimos las instrucciones para darse de baja en la parte inferior de cada correo electr\u00f3nico o usuario puede ponerse en contacto con nosotros a trav\u00e9s de nuestro Sitio.<\/li>\n<\/ul>\n<h4>\u00bfC\u00f3mo protegemos su informaci\u00f3n?<\/h4>\n<p>Adoptamos la recolecci\u00f3n adecuada de datos, almacenamiento y procesamiento, as\u00ed como las medidas de seguridad para proteger contra el acceso no autorizado, alteraci\u00f3n, divulgaci\u00f3n o destrucci\u00f3n de su informaci\u00f3n personal, nombre de usuario, contrase\u00f1a, informaci\u00f3n de transacciones y los datos almacenados en nuestro Sitio.<\/p>\n<p>Tomamos su privacidad muy en serio y tomar todas las medidas para proteger su informaci\u00f3n personal. Cualquier informaci\u00f3n personal recibida s\u00f3lo ser\u00e1 utilizada para completar su pedido. No vamos a vender o redistribuir su informaci\u00f3n a nadie. Podemos compartir informaci\u00f3n demogr\u00e1fica gen\u00e9rica no vinculada a ninguna informaci\u00f3n de identificaci\u00f3n personal sobre los visitantes y usuarios con nuestros socios comerciales, afiliados y anunciantes de confianza para los objetivos se\u00f1alados arriba. Nosotros podemos utilizar proveedores de servicios externos que nos ayuden a operar nuestro negocio, sitio web o administrar actividades en nuestro nombre, como el env\u00edo de boletines informativos o encuestas. Podemos compartir su informaci\u00f3n con estos terceros limitado para esos fines, con la condici\u00f3n de que usted nos haya dado su permiso.<\/p>\n<h4>Cambios en esta pol\u00edtica de privacidad<\/h4>\n<p>Gokiebox tiene la facultad de actualizar esta pol\u00edtica de privacidad en cualquier momento. Por ello comunicamos a los usuarios a comprobar con frecuencia esta p\u00e1gina para cualquier cambio y mantenerse informado acerca de c\u00f3mo estamos ayudando a proteger la informaci\u00f3n personal que recopilamos. Usted reconoce y acepta que es su responsabilidad revisar esta pol\u00edtica de privacidad peri\u00f3dicamente y tomar conciencia de las modificaciones.<\/p>\n<h4><span style=\"color: inherit; font-family: inherit; font-size: 1.5rem;\">Retargeting \u2013 Remarketing<\/span><br><\/h4>\n<p>Mientras navegas por \u201cEl Sitio\u201d, cookies de publicidad ser\u00e1n colocados en su ordenador para que podamos entender en lo que usted est\u00e1 interesado. Nuestro socios de publicidad digital,&nbsp;<strong>Google Ads y Facebook Ads<\/strong>, a continuaci\u00f3n, nos permite presentar a ustedes la publicidad retargeting sobre la base de su anterior interacci\u00f3n con \u201cEl Sitio\u201d. Las t\u00e9cnicas que nuestros socios emplean no recopilan informaci\u00f3n personal como su nombre, direcci\u00f3n de correo electr\u00f3nico, direcci\u00f3n postal o n\u00famero de tel\u00e9fono.<\/p><h4 style=\"font-family: Poppins, sans-serif; color: rgb(51, 51, 51);\">Su aceptaci\u00f3n de estos t\u00e9rminos<\/h4><p>Al usar este sitio, usted expresa su aceptaci\u00f3n de esta pol\u00edtica. Si usted no est\u00e1 de acuerdo con esta pol\u00edtica, por favor no utilice nuestro sitio. Si contin\u00faa usando nuestro sitio web despu\u00e9s de la publicaci\u00f3n de cambios a esta pol\u00edtica ser\u00e1 considerado su aceptaci\u00f3n de dichas actualizaciones.<\/p>\n<h4>Para contactar con nosotros<\/h4>\n<p>Si usted tiene alguna pregunta sobre esta Pol\u00edtica de Privacidad, las pr\u00e1cticas de este sitio, o sus relaciones con este sitio, por favor p\u00f3ngase en contacto con nosotros a trav\u00e9s del correo:&nbsp;<span style=\"font-size: 1rem;\">contacto@gokiebox.com\/pe&nbsp;<\/span><\/p>\t\t\t\t\t\t\t\t<\/div>\n\t\t\t\t<\/div>\n\t\t\t\t<div class=\"elementor-element elementor-element-4295061 elementor-widget elementor-widget-text-editor\" data-id=\"4295061\" data-element_type=\"widget\" data-e-type=\"widget\" data-widget_type=\"text-editor.default\">\n\t\t\t\t<div class=\"elementor-widget-container\">\n\t\t\t\t\t\t\t\t\t<p>\u00daltima actualizaci\u00f3n: 10 de Febrero de 2023<\/p>\t\t\t\t\t\t\t\t<\/div>\n\t\t\t\t<\/div>\n\t\t\t\t<\/div>\n\t\t\t\t\t<\/div>\n\t\t\t\t<\/div>\n\t\t\t\t<\/div>\n\t\t","protected":false},"excerpt":{"rendered":"<p>Pol\u00edticas de privacidad Esta Pol\u00edtica de privacidad rige la manera en que&nbsp;Gokiebox&nbsp;recopila, utiliza, mantiene y divulga la informaci\u00f3n recogida de los usuarios (el \u201cUsuario\u201d) del sitio web&nbsp;https:\/\/www.gokiebox.com\/pe&nbsp;(\u201cel Sitio\u201d). Esta pol\u00edtica de privacidad se aplica al sitio y todos los productos y servicios ofrecidos por&nbsp;Gokiebox. Informaci\u00f3n de identificaci\u00f3n personal Podemos recopilar informaci\u00f3n de identificaci\u00f3n personal de [&hellip;]<\/p>\n","protected":false},"author":1,"featured_media":26033,"parent":0,"menu_order":0,"comment_status":"closed","ping_status":"closed","template":"elementor_header_footer","meta":{"_acf_changed":false,"footnotes":""},"class_list":["post-22734","page","type-page","status-publish","has-post-thumbnail","hentry"],"acf":[],"_links":{"self":[{"href":"https:\/\/gokiebox.com\/pe\/wp-json\/wp\/v2\/pages\/22734","targetHints":{"allow":["GET"]}}],"collection":[{"href":"https:\/\/gokiebox.com\/pe\/wp-json\/wp\/v2\/pages"}],"about":[{"href":"https:\/\/gokiebox.com\/pe\/wp-json\/wp\/v2\/types\/page"}],"author":[{"embeddable":true,"href":"https:\/\/gokiebox.com\/pe\/wp-json\/wp\/v2\/users\/1"}],"replies":[{"embeddable":true,"href":"https:\/\/gokiebox.com\/pe\/wp-json\/wp\/v2\/comments?post=22734"}],"version-history":[{"count":0,"href":"https:\/\/gokiebox.com\/pe\/wp-json\/wp\/v2\/pages\/22734\/revisions"}],"wp:featuredmedia":[{"embeddable":true,"href":"https:\/\/gokiebox.com\/pe\/wp-json\/wp\/v2\/media\/26033"}],"wp:attachment":[{"href":"https:\/\/gokiebox.com\/pe\/wp-json\/wp\/v2\/media?parent=22734"}],"curies":[{"name":"wp","href":"https:\/\/api.w.org\/{rel}","templated":true}]}}