{"id":16491,"date":"2021-08-19T06:24:38","date_gmt":"2021-08-19T06:24:38","guid":{"rendered":"https:\/\/gokiebox.pe\/?page_id=16491"},"modified":"2025-11-07T16:02:25","modified_gmt":"2025-11-07T21:02:25","slug":"nuestra-red","status":"publish","type":"page","link":"https:\/\/gokiebox.com\/pe\/nuestra-red\/","title":{"rendered":"Nuestra Red"},"content":{"rendered":"\t\t<div data-elementor-type=\"wp-page\" data-elementor-id=\"16491\" class=\"elementor elementor-16491\" data-elementor-post-type=\"page\">\n\t\t\t\t<div class=\"elementor-element elementor-element-f66daa5 e-flex e-con-boxed e-con e-parent\" data-id=\"f66daa5\" data-element_type=\"container\" data-e-type=\"container\" data-settings=\"{&quot;background_background&quot;:&quot;classic&quot;}\">\n\t\t\t\t\t<div class=\"e-con-inner\">\n\t\t\t\t<div class=\"elementor-element elementor-element-53af141 elementor-widget__width-initial elementor-widget elementor-widget-heading\" data-id=\"53af141\" data-element_type=\"widget\" data-e-type=\"widget\" data-widget_type=\"heading.default\">\n\t\t\t\t<div class=\"elementor-widget-container\">\n\t\t\t\t\t<h2 class=\"elementor-heading-title elementor-size-default\">Infraestructura Cloud confiable dise\u00f1ado para empresas exigentes\n\n\n<\/h2>\t\t\t\t<\/div>\n\t\t\t\t<\/div>\n\t\t\t\t<div class=\"elementor-element elementor-element-3f9559a elementor-widget elementor-widget-text-editor\" data-id=\"3f9559a\" data-element_type=\"widget\" data-e-type=\"widget\" data-widget_type=\"text-editor.default\">\n\t\t\t\t<div class=\"elementor-widget-container\">\n\t\t\t\t\t\t\t\t\t<p>Nuestra infraestructura est\u00e1 dise\u00f1ada para empresas que requieren estabilidad, escalabilidad y soporte t\u00e9cnico de alto nivel, respaldado por tecnolog\u00eda de clase mundial.<\/p>\t\t\t\t\t\t\t\t<\/div>\n\t\t\t\t<\/div>\n\t\t\t\t<div class=\"elementor-element elementor-element-05ec71d elementor-widget elementor-widget-elementskit-hotspot\" data-id=\"05ec71d\" data-element_type=\"widget\" data-e-type=\"widget\" data-widget_type=\"elementskit-hotspot.default\">\n\t\t\t\t<div class=\"elementor-widget-container\">\n\t\t\t\t\t<div class=\"ekit-wid-con\" >\n        <div class=\"ekit-location-groups\" data-breakpoints=\"{&quot;mobile&quot;:767,&quot;tablet&quot;:1024}\">\n            <div class=\"ekit-map-image text-center\">\n                <img decoding=\"async\" width=\"2560\" height=\"1423\" src=\"https:\/\/gokiebox.com\/pe\/wp-content\/uploads\/sites\/6\/2025\/05\/Recurso-1-scaled.png\" class=\"attachment-full size-full\" alt=\"\" srcset=\"https:\/\/gokiebox.com\/pe\/wp-content\/uploads\/sites\/6\/2025\/05\/Recurso-1-scaled.png 2560w, https:\/\/gokiebox.com\/pe\/wp-content\/uploads\/sites\/6\/2025\/05\/Recurso-1-300x167.png 300w, https:\/\/gokiebox.com\/pe\/wp-content\/uploads\/sites\/6\/2025\/05\/Recurso-1-1024x569.png 1024w, https:\/\/gokiebox.com\/pe\/wp-content\/uploads\/sites\/6\/2025\/05\/Recurso-1-768x427.png 768w, https:\/\/gokiebox.com\/pe\/wp-content\/uploads\/sites\/6\/2025\/05\/Recurso-1-1536x854.webp 1536w, https:\/\/gokiebox.com\/pe\/wp-content\/uploads\/sites\/6\/2025\/05\/Recurso-1-2048x1138.png 2048w\" sizes=\"(max-width: 2560px) 100vw, 2560px\">            <\/div>\n            <div class=\"ekit-location-wraper clearfix\">\n                \n<div class=\"ekit-location elementor-repeater-item-0b139ec ekit-location-on-hover ekit-all-activated active  \">\n    <div class=\"ekit-location_outer\">\n        <div class=\"media ekit-flex-column ekit-location_inner\">\n            \n                            <div class='media-body'>\n                                        <h3 class=\"ekit-hotspot-title\">Canad\u00e1<\/h3>\n                                                            <div class=\"ekit-location-des\">\n                        <p><strong>Producto:<\/strong> Servidores VPS<\/p>                    <\/div>\n                                    <\/div>\n                    <\/div>\n    <\/div>\n    <div class=\"ekit-location_indicator\">\n                    <div class=\"ekit_hotspot_pulse_1\"><\/div>\n            <div class=\"ekit_hotspot_pulse_2\"><\/div>\n                            <div class=\"ekit_hotspot_arrow\"><\/div>\n            <\/div>\n<\/div>\n<div class=\"ekit-location elementor-repeater-item-a0ef81d ekit-location-on-hover ekit-all-activated active  \">\n    <div class=\"ekit-location_outer\">\n        <div class=\"media ekit-flex-column ekit-location_inner\">\n            \n                            <div class='media-body'>\n                                        <h3 class=\"ekit-hotspot-title\">Estados Unidos<\/h3>\n                                                            <div class=\"ekit-location-des\">\n                        <p><strong>Producto:<\/strong> Alojamiento Web | Alojamiento Cloud | Correos de Webmail<\/p>                    <\/div>\n                                    <\/div>\n                    <\/div>\n    <\/div>\n    <div class=\"ekit-location_indicator\">\n                    <div class=\"ekit_hotspot_pulse_1\"><\/div>\n            <div class=\"ekit_hotspot_pulse_2\"><\/div>\n                            <div class=\"ekit_hotspot_arrow\"><\/div>\n            <\/div>\n<\/div>\n<div class=\"ekit-location elementor-repeater-item-d2f23e2 ekit-location-on-hover ekit-all-activated active  \">\n    <div class=\"ekit-location_outer\">\n        <div class=\"media ekit-flex-column ekit-location_inner\">\n            \n                            <div class='media-body'>\n                                        <h3 class=\"ekit-hotspot-title\">Per\u00fa<\/h3>\n                                                            <div class=\"ekit-location-des\">\n                        <p><strong>Producto:<\/strong> Servidores VPS<\/p>                    <\/div>\n                                    <\/div>\n                    <\/div>\n    <\/div>\n    <div class=\"ekit-location_indicator\">\n                    <div class=\"ekit_hotspot_pulse_1\"><\/div>\n            <div class=\"ekit_hotspot_pulse_2\"><\/div>\n                            <div class=\"ekit_hotspot_arrow\"><\/div>\n            <\/div>\n<\/div>            <\/div><!-- .location-wraper END -->\n        <\/div>\n    <\/div>\t\t\t\t<\/div>\n\t\t\t\t<\/div>\n\t\t\t\t\t<\/div>\n\t\t\t\t<\/div>\n\t\t<div class=\"elementor-element elementor-element-218184f e-flex e-con-boxed e-con e-parent\" data-id=\"218184f\" data-element_type=\"container\" data-e-type=\"container\" data-settings=\"{&quot;background_background&quot;:&quot;classic&quot;}\">\n\t\t\t\t\t<div class=\"e-con-inner\">\n\t\t\t\t<div class=\"elementor-element elementor-element-639c855 elementor-widget elementor-widget-heading\" data-id=\"639c855\" data-element_type=\"widget\" data-e-type=\"widget\" data-widget_type=\"heading.default\">\n\t\t\t\t<div class=\"elementor-widget-container\">\n\t\t\t\t\t<h3 class=\"elementor-heading-title elementor-size-default\">Caracter\u00edsticas generales<\/h3>\t\t\t\t<\/div>\n\t\t\t\t<\/div>\n\t\t<div class=\"elementor-element elementor-element-8809694 e-con-full e-flex e-con e-child\" data-id=\"8809694\" data-element_type=\"container\" data-e-type=\"container\">\n\t\t<div class=\"elementor-element elementor-element-8222200 e-con-full e-flex e-con e-child\" data-id=\"8222200\" data-element_type=\"container\" data-e-type=\"container\">\n\t\t\t\t<div class=\"elementor-element elementor-element-8e9726b elementor-view-default elementor-position-block-start elementor-mobile-position-block-start elementor-widget elementor-widget-icon-box\" data-id=\"8e9726b\" data-element_type=\"widget\" data-e-type=\"widget\" data-widget_type=\"icon-box.default\">\n\t\t\t\t<div class=\"elementor-widget-container\">\n\t\t\t\t\t\t\t<div class=\"elementor-icon-box-wrapper\">\n\n\t\t\t\t\t\t<div class=\"elementor-icon-box-icon\">\n\t\t\t\t<span  class=\"elementor-icon\">\n\t\t\t\t<i aria-hidden=\"true\" class=\"icon icon-hours-support\"><\/i>\t\t\t\t<\/span>\n\t\t\t<\/div>\n\t\t\t\n\t\t\t\t\t\t<div class=\"elementor-icon-box-content\">\n\n\t\t\t\t\t\t\t\t\t<h5 class=\"elementor-icon-box-title\">\n\t\t\t\t\t\t<span  >\n\t\t\t\t\t\t\tSoporte interno 24 \/ 7 \/ 365\t\t\t\t\t\t<\/span>\n\t\t\t\t\t<\/h5>\n\t\t\t\t\n\t\t\t\t\t\t\t\t\t<p class=\"elementor-icon-box-description\">\n\t\t\t\t\t\tUn entorno que nunca se detiene exige un equipo disponible en todo momento. Nuestros t\u00e9cnicos residentes est\u00e1n a solo unos pasos de los servidores, listos para resolver incidencias en minutos\u2014desde el cambio de una unidad de disco hasta una ampliaci\u00f3n de RAM\u2014para que tu negocio siga operando sin interrupciones.\t\t\t\t\t<\/p>\n\t\t\t\t\n\t\t\t<\/div>\n\t\t\t\n\t\t<\/div>\n\t\t\t\t\t\t<\/div>\n\t\t\t\t<\/div>\n\t\t\t\t<\/div>\n\t\t<div class=\"elementor-element elementor-element-8bf5c16 e-con-full e-flex e-con e-child\" data-id=\"8bf5c16\" data-element_type=\"container\" data-e-type=\"container\">\n\t\t\t\t<div class=\"elementor-element elementor-element-d1f3ab8 elementor-view-default elementor-position-block-start elementor-mobile-position-block-start elementor-widget elementor-widget-icon-box\" data-id=\"d1f3ab8\" data-element_type=\"widget\" data-e-type=\"widget\" data-widget_type=\"icon-box.default\">\n\t\t\t\t<div class=\"elementor-widget-container\">\n\t\t\t\t\t\t\t<div class=\"elementor-icon-box-wrapper\">\n\n\t\t\t\t\t\t<div class=\"elementor-icon-box-icon\">\n\t\t\t\t<span  class=\"elementor-icon\">\n\t\t\t\t<svg aria-hidden=\"true\" class=\"e-font-icon-svg e-fas-star-of-life\" viewBox=\"0 0 480 512\" xmlns=\"http:\/\/www.w3.org\/2000\/svg\"><path d=\"M471.99 334.43L336.06 256l135.93-78.43c7.66-4.42 10.28-14.2 5.86-21.86l-32.02-55.43c-4.42-7.65-14.21-10.28-21.87-5.86l-135.93 78.43V16c0-8.84-7.17-16-16.01-16h-64.04c-8.84 0-16.01 7.16-16.01 16v156.86L56.04 94.43c-7.66-4.42-17.45-1.79-21.87 5.86L2.15 155.71c-4.42 7.65-1.8 17.44 5.86 21.86L143.94 256 8.01 334.43c-7.66 4.42-10.28 14.21-5.86 21.86l32.02 55.43c4.42 7.65 14.21 10.27 21.87 5.86l135.93-78.43V496c0 8.84 7.17 16 16.01 16h64.04c8.84 0 16.01-7.16 16.01-16V339.14l135.93 78.43c7.66 4.42 17.45 1.8 21.87-5.86l32.02-55.43c4.42-7.65 1.8-17.43-5.86-21.85z\"><\/path><\/svg>\t\t\t\t<\/span>\n\t\t\t<\/div>\n\t\t\t\n\t\t\t\t\t\t<div class=\"elementor-icon-box-content\">\n\n\t\t\t\t\t\t\t\t\t<h5 class=\"elementor-icon-box-title\">\n\t\t\t\t\t\t<span  >\n\t\t\t\t\t\t\tControl clim\u00e1tico y redundancia de nivel empresarial\t\t\t\t\t\t<\/span>\n\t\t\t\t\t<\/h5>\n\t\t\t\t\n\t\t\t\t\t\t\t\t\t<p class=\"elementor-icon-box-description\">\n\t\t\t\t\t\tTus servidores se alojan en racks SuperMicro de grado datacenter, dentro de instalaciones Tier 3 y Tier 4 con temperatura y humedad \u00f3ptimas. Cada sistema cr\u00edtico (energ\u00eda, refrigeraci\u00f3n y red) es totalmente redundante y cuenta con un SLA de 100 % de disponibilidad.\t\t\t\t\t<\/p>\n\t\t\t\t\n\t\t\t<\/div>\n\t\t\t\n\t\t<\/div>\n\t\t\t\t\t\t<\/div>\n\t\t\t\t<\/div>\n\t\t\t\t<\/div>\n\t\t<div class=\"elementor-element elementor-element-789536a e-con-full e-flex e-con e-child\" data-id=\"789536a\" data-element_type=\"container\" data-e-type=\"container\">\n\t\t\t\t<div class=\"elementor-element elementor-element-a15de4b elementor-widget__width-initial elementor-view-default elementor-position-block-start elementor-mobile-position-block-start elementor-widget elementor-widget-icon-box\" data-id=\"a15de4b\" data-element_type=\"widget\" data-e-type=\"widget\" data-widget_type=\"icon-box.default\">\n\t\t\t\t<div class=\"elementor-widget-container\">\n\t\t\t\t\t\t\t<div class=\"elementor-icon-box-wrapper\">\n\n\t\t\t\t\t\t<div class=\"elementor-icon-box-icon\">\n\t\t\t\t<span  class=\"elementor-icon\">\n\t\t\t\t<i aria-hidden=\"true\" class=\"icon icon-shield\"><\/i>\t\t\t\t<\/span>\n\t\t\t<\/div>\n\t\t\t\n\t\t\t\t\t\t<div class=\"elementor-icon-box-content\">\n\n\t\t\t\t\t\t\t\t\t<h5 class=\"elementor-icon-box-title\">\n\t\t\t\t\t\t<span  >\n\t\t\t\t\t\t\tSeguridad permanente\t\t\t\t\t\t<\/span>\n\t\t\t\t\t<\/h5>\n\t\t\t\t\n\t\t\t\t\t\t\t\t\t<p class=\"elementor-icon-box-description\">\n\t\t\t\t\t\tProtegemos tus datos con un per\u00edmetro cercado, videovigilancia CCTV y acceso restringido mediante identificaci\u00f3n fotogr\u00e1fica. Vigilantes 24 h, controles de acceso por tarjeta y verificaci\u00f3n biom\u00e9trica en cada planta, garantizando que solo el personal autorizado pueda ingresar.\t\t\t\t\t<\/p>\n\t\t\t\t\n\t\t\t<\/div>\n\t\t\t\n\t\t<\/div>\n\t\t\t\t\t\t<\/div>\n\t\t\t\t<\/div>\n\t\t\t\t<\/div>\n\t\t\t\t<\/div>\n\t\t\t\t\t<\/div>\n\t\t\t\t<\/div>\n\t\t\t\t<\/div>\n\t\t","protected":false},"excerpt":{"rendered":"<p>Infraestructura Cloud confiable dise\u00f1ado para empresas exigentes Nuestra infraestructura est\u00e1 dise\u00f1ada para empresas que requieren estabilidad, escalabilidad y soporte t\u00e9cnico de alto nivel, respaldado por tecnolog\u00eda de clase mundial. Canad\u00e1 Producto: Servidores VPS Estados Unidos Producto: Alojamiento Web | Alojamiento Cloud | Correos de Webmail Per\u00fa Producto: Servidores VPS Caracter\u00edsticas generales Soporte interno 24 \/ [&hellip;]<\/p>\n","protected":false},"author":1,"featured_media":26033,"parent":0,"menu_order":0,"comment_status":"closed","ping_status":"closed","template":"elementor_header_footer","meta":{"_acf_changed":false,"footnotes":""},"class_list":["post-16491","page","type-page","status-publish","has-post-thumbnail","hentry"],"acf":[],"_links":{"self":[{"href":"https:\/\/gokiebox.com\/pe\/wp-json\/wp\/v2\/pages\/16491","targetHints":{"allow":["GET"]}}],"collection":[{"href":"https:\/\/gokiebox.com\/pe\/wp-json\/wp\/v2\/pages"}],"about":[{"href":"https:\/\/gokiebox.com\/pe\/wp-json\/wp\/v2\/types\/page"}],"author":[{"embeddable":true,"href":"https:\/\/gokiebox.com\/pe\/wp-json\/wp\/v2\/users\/1"}],"replies":[{"embeddable":true,"href":"https:\/\/gokiebox.com\/pe\/wp-json\/wp\/v2\/comments?post=16491"}],"version-history":[{"count":0,"href":"https:\/\/gokiebox.com\/pe\/wp-json\/wp\/v2\/pages\/16491\/revisions"}],"wp:featuredmedia":[{"embeddable":true,"href":"https:\/\/gokiebox.com\/pe\/wp-json\/wp\/v2\/media\/26033"}],"wp:attachment":[{"href":"https:\/\/gokiebox.com\/pe\/wp-json\/wp\/v2\/media?parent=16491"}],"curies":[{"name":"wp","href":"https:\/\/api.w.org\/{rel}","templated":true}]}}